{"id":7741,"date":"2022-05-02T10:05:44","date_gmt":"2022-05-02T10:05:44","guid":{"rendered":"https:\/\/www.lakesideparadise.be\/?page_id=7741"},"modified":"2022-05-02T10:06:09","modified_gmt":"2022-05-02T10:06:09","slug":"temperature-des-essais","status":"publish","type":"page","link":"https:\/\/www.lakesideparadise.be\/fr\/test-temperatuur\/","title":{"rendered":"temp\u00e9rature des essais"},"content":{"rendered":"<div data-elementor-type=\"wp-page\" data-elementor-id=\"7741\" class=\"elementor elementor-7741\" data-elementor-post-type=\"page\">\n\t\t\t\t\t\t<section class=\"elementor-section elementor-top-section elementor-element elementor-element-6b2108b elementor-section-boxed elementor-section-height-default elementor-section-height-default\" data-id=\"6b2108b\" data-element_type=\"section\" data-e-type=\"section\">\n\t\t\t\t\t\t<div class=\"elementor-container elementor-column-gap-default\">\n\t\t\t\t\t<div class=\"elementor-column elementor-col-100 elementor-top-column elementor-element elementor-element-aa35867\" data-id=\"aa35867\" data-element_type=\"column\" data-e-type=\"column\">\n\t\t\t<div class=\"elementor-widget-wrap elementor-element-populated\">\n\t\t\t\t\t\t<div class=\"elementor-element elementor-element-7605a96 elementor-widget elementor-widget-html\" data-id=\"7605a96\" data-element_type=\"widget\" data-e-type=\"widget\" data-widget_type=\"html.default\">\n\t\t\t\t<div class=\"elementor-widget-container\">\n\t\t\t\t\tTemp\u00e9rature de l'eau : \r\n<b>\r\n\t<span id=\"temperature\">-<\/span>\r\n\t<span id=\"temperatureUnit\">-<\/span>\r\n<\/b>\r\n<br>\r\nDerni\u00e8re mise \u00e0 jour :\r\n<span id=\"temperatureLastUpdate\">-<\/span>\t\t\t\t<\/div>\n\t\t\t\t<\/div>\n\t\t\t\t\t<\/div>\n\t\t<\/div>\n\t\t\t\t\t<\/div>\n\t\t<\/section>\n\t\t\t\t<\/div>","protected":false},"excerpt":{"rendered":"<p>Temp\u00e9rature de l'eau : - - Derni\u00e8re mise \u00e0 jour : -<\/p>","protected":false},"author":1,"featured_media":0,"parent":0,"menu_order":0,"comment_status":"closed","ping_status":"closed","template":"","meta":{"footnotes":""},"class_list":["post-7741","page","type-page","status-publish"],"yoast_head":"<!-- This site is optimized with the Yoast SEO plugin v27.4 - https:\/\/yoast.com\/product\/yoast-seo-wordpress\/ -->\n<title>test temperatuur - Lakesideparadise<\/title>\n<meta name=\"robots\" content=\"index, follow, max-snippet:-1, max-image-preview:large, max-video-preview:-1\" \/>\n<link rel=\"canonical\" href=\"https:\/\/www.lakesideparadise.be\/fr\/temperature-des-essais\/\" \/>\n<meta property=\"og:locale\" content=\"fr_FR\" \/>\n<meta property=\"og:type\" content=\"article\" \/>\n<meta property=\"og:title\" content=\"test temperatuur - Lakesideparadise\" \/>\n<meta property=\"og:description\" content=\"Water temperature: &ndash; &ndash; Last update: &ndash;\" \/>\n<meta property=\"og:url\" content=\"https:\/\/www.lakesideparadise.be\/fr\/temperature-des-essais\/\" \/>\n<meta property=\"og:site_name\" content=\"Lakesideparadise\" \/>\n<meta property=\"article:publisher\" content=\"https:\/\/www.facebook.com\/lakesideparadise\" \/>\n<meta property=\"article:modified_time\" content=\"2022-05-02T10:06:09+00:00\" \/>\n<meta name=\"twitter:card\" content=\"summary_large_image\" \/>\n<script type=\"application\/ld+json\" class=\"yoast-schema-graph\">{\"@context\":\"https:\\\/\\\/schema.org\",\"@graph\":[{\"@type\":\"WebPage\",\"@id\":\"https:\\\/\\\/www.lakesideparadise.be\\\/de\\\/pruftemperatur\\\/\",\"url\":\"https:\\\/\\\/www.lakesideparadise.be\\\/de\\\/pruftemperatur\\\/\",\"name\":\"test temperatuur - Lakesideparadise\",\"isPartOf\":{\"@id\":\"https:\\\/\\\/www.lakesideparadise.be\\\/#website\"},\"datePublished\":\"2022-05-02T10:05:44+00:00\",\"dateModified\":\"2022-05-02T10:06:09+00:00\",\"breadcrumb\":{\"@id\":\"https:\\\/\\\/www.lakesideparadise.be\\\/de\\\/pruftemperatur\\\/#breadcrumb\"},\"inLanguage\":\"fr-FR\",\"potentialAction\":[{\"@type\":\"ReadAction\",\"target\":[\"https:\\\/\\\/www.lakesideparadise.be\\\/de\\\/pruftemperatur\\\/\"]}]},{\"@type\":\"BreadcrumbList\",\"@id\":\"https:\\\/\\\/www.lakesideparadise.be\\\/de\\\/pruftemperatur\\\/#breadcrumb\",\"itemListElement\":[{\"@type\":\"ListItem\",\"position\":1,\"name\":\"Home\",\"item\":\"https:\\\/\\\/www.lakesideparadise.be\\\/\"},{\"@type\":\"ListItem\",\"position\":2,\"name\":\"test temperatuur\"}]},{\"@type\":\"WebSite\",\"@id\":\"https:\\\/\\\/www.lakesideparadise.be\\\/#website\",\"url\":\"https:\\\/\\\/www.lakesideparadise.be\\\/\",\"name\":\"Lakesideparadise\",\"description\":\"Lakesideparadise\",\"publisher\":{\"@id\":\"https:\\\/\\\/www.lakesideparadise.be\\\/#organization\"},\"potentialAction\":[{\"@type\":\"SearchAction\",\"target\":{\"@type\":\"EntryPoint\",\"urlTemplate\":\"https:\\\/\\\/www.lakesideparadise.be\\\/?s={search_term_string}\"},\"query-input\":{\"@type\":\"PropertyValueSpecification\",\"valueRequired\":true,\"valueName\":\"search_term_string\"}}],\"inLanguage\":\"fr-FR\"},{\"@type\":\"Organization\",\"@id\":\"https:\\\/\\\/www.lakesideparadise.be\\\/#organization\",\"name\":\"Lakeside Paradise\",\"url\":\"https:\\\/\\\/www.lakesideparadise.be\\\/\",\"logo\":{\"@type\":\"ImageObject\",\"inLanguage\":\"fr-FR\",\"@id\":\"https:\\\/\\\/www.lakesideparadise.be\\\/#\\\/schema\\\/logo\\\/image\\\/\",\"url\":\"https:\\\/\\\/www.lakesideparadise.be\\\/wp-content\\\/uploads\\\/2019\\\/03\\\/lakesideparadise-logo.png\",\"contentUrl\":\"https:\\\/\\\/www.lakesideparadise.be\\\/wp-content\\\/uploads\\\/2019\\\/03\\\/lakesideparadise-logo.png\",\"width\":185,\"height\":90,\"caption\":\"Lakeside Paradise\"},\"image\":{\"@id\":\"https:\\\/\\\/www.lakesideparadise.be\\\/#\\\/schema\\\/logo\\\/image\\\/\"},\"sameAs\":[\"https:\\\/\\\/www.facebook.com\\\/lakesideparadise\",\"https:\\\/\\\/www.instagram.com\\\/lakeside.paradise\\\/\"]}]}<\/script>\n<!-- \/ Yoast SEO plugin. -->","yoast_head_json":{"title":"temp\u00e9rature d'essai - Lakesideparadise","robots":{"index":"index","follow":"follow","max-snippet":"max-snippet:-1","max-image-preview":"max-image-preview:large","max-video-preview":"max-video-preview:-1"},"canonical":"https:\/\/www.lakesideparadise.be\/fr\/temperature-des-essais\/","og_locale":"fr_FR","og_type":"article","og_title":"test temperatuur - Lakesideparadise","og_description":"Water temperature: &ndash; &ndash; Last update: &ndash;","og_url":"https:\/\/www.lakesideparadise.be\/fr\/temperature-des-essais\/","og_site_name":"Lakesideparadise","article_publisher":"https:\/\/www.facebook.com\/lakesideparadise","article_modified_time":"2022-05-02T10:06:09+00:00","twitter_card":"summary_large_image","schema":{"@context":"https:\/\/schema.org","@graph":[{"@type":"WebPage","@id":"https:\/\/www.lakesideparadise.be\/de\/pruftemperatur\/","url":"https:\/\/www.lakesideparadise.be\/de\/pruftemperatur\/","name":"temp\u00e9rature d'essai - Lakesideparadise","isPartOf":{"@id":"https:\/\/www.lakesideparadise.be\/#website"},"datePublished":"2022-05-02T10:05:44+00:00","dateModified":"2022-05-02T10:06:09+00:00","breadcrumb":{"@id":"https:\/\/www.lakesideparadise.be\/de\/pruftemperatur\/#breadcrumb"},"inLanguage":"fr-FR","potentialAction":[{"@type":"ReadAction","target":["https:\/\/www.lakesideparadise.be\/de\/pruftemperatur\/"]}]},{"@type":"BreadcrumbList","@id":"https:\/\/www.lakesideparadise.be\/de\/pruftemperatur\/#breadcrumb","itemListElement":[{"@type":"ListItem","position":1,"name":"Home","item":"https:\/\/www.lakesideparadise.be\/"},{"@type":"ListItem","position":2,"name":"test temperatuur"}]},{"@type":"WebSite","@id":"https:\/\/www.lakesideparadise.be\/#website","url":"https:\/\/www.lakesideparadise.be\/","name":"Lakesideparadise","description":"Lakesideparadise","publisher":{"@id":"https:\/\/www.lakesideparadise.be\/#organization"},"potentialAction":[{"@type":"SearchAction","target":{"@type":"EntryPoint","urlTemplate":"https:\/\/www.lakesideparadise.be\/?s={search_term_string}"},"query-input":{"@type":"PropertyValueSpecification","valueRequired":true,"valueName":"search_term_string"}}],"inLanguage":"fr-FR"},{"@type":"Organization","@id":"https:\/\/www.lakesideparadise.be\/#organization","name":"Lakeside Paradise","url":"https:\/\/www.lakesideparadise.be\/","logo":{"@type":"ImageObject","inLanguage":"fr-FR","@id":"https:\/\/www.lakesideparadise.be\/#\/schema\/logo\/image\/","url":"https:\/\/www.lakesideparadise.be\/wp-content\/uploads\/2019\/03\/lakesideparadise-logo.png","contentUrl":"https:\/\/www.lakesideparadise.be\/wp-content\/uploads\/2019\/03\/lakesideparadise-logo.png","width":185,"height":90,"caption":"Lakeside Paradise"},"image":{"@id":"https:\/\/www.lakesideparadise.be\/#\/schema\/logo\/image\/"},"sameAs":["https:\/\/www.facebook.com\/lakesideparadise","https:\/\/www.instagram.com\/lakeside.paradise\/"]}]}},"_links":{"self":[{"href":"https:\/\/www.lakesideparadise.be\/fr\/wp-json\/wp\/v2\/pages\/7741","targetHints":{"allow":["GET"]}}],"collection":[{"href":"https:\/\/www.lakesideparadise.be\/fr\/wp-json\/wp\/v2\/pages"}],"about":[{"href":"https:\/\/www.lakesideparadise.be\/fr\/wp-json\/wp\/v2\/types\/page"}],"author":[{"embeddable":true,"href":"https:\/\/www.lakesideparadise.be\/fr\/wp-json\/wp\/v2\/users\/1"}],"replies":[{"embeddable":true,"href":"https:\/\/www.lakesideparadise.be\/fr\/wp-json\/wp\/v2\/comments?post=7741"}],"version-history":[{"count":0,"href":"https:\/\/www.lakesideparadise.be\/fr\/wp-json\/wp\/v2\/pages\/7741\/revisions"}],"wp:attachment":[{"href":"https:\/\/www.lakesideparadise.be\/fr\/wp-json\/wp\/v2\/media?parent=7741"}],"curies":[{"name":"wp","href":"https:\/\/api.w.org\/{rel}","templated":true}]}}