{"id":4139,"date":"2021-05-03T12:32:47","date_gmt":"2021-05-03T12:32:47","guid":{"rendered":"https:\/\/www.lakesideparadise.be\/?page_id=4139"},"modified":"2021-05-06T11:56:02","modified_gmt":"2021-05-06T11:56:02","slug":"standort","status":"publish","type":"page","link":"https:\/\/www.lakesideparadise.be\/de\/location\/","title":{"rendered":"Standort"},"content":{"rendered":"<div data-elementor-type=\"wp-post\" data-elementor-id=\"4139\" class=\"elementor elementor-4139\" data-elementor-post-type=\"page\">\n\t\t\t\t\t\t<section class=\"elementor-section elementor-top-section elementor-element elementor-element-f958f2a elementor-section-boxed elementor-section-height-default elementor-section-height-default\" data-id=\"f958f2a\" data-element_type=\"section\" data-e-type=\"section\">\n\t\t\t\t\t\t<div class=\"elementor-container elementor-column-gap-default\">\n\t\t\t\t\t<div class=\"elementor-column elementor-col-100 elementor-top-column elementor-element elementor-element-7fe2047\" data-id=\"7fe2047\" data-element_type=\"column\" data-e-type=\"column\">\n\t\t\t<div class=\"elementor-widget-wrap elementor-element-populated\">\n\t\t\t\t\t\t<div class=\"elementor-element elementor-element-3612a18 elementor-widget elementor-widget-google_maps\" data-id=\"3612a18\" data-element_type=\"widget\" data-e-type=\"widget\" data-widget_type=\"google_maps.default\">\n\t\t\t\t<div class=\"elementor-widget-container\">\n\t\t\t\t\t\t\t<div class=\"elementor-custom-embed\">\n\t\t\t<iframe loading=\"lazy\"\n\t\t\t\t\tsrc=\"https:\/\/maps.google.com\/maps?q=Duinenwater%2041%2C%208300%20Knokke-Heist&#038;t=m&#038;z=14&#038;output=embed&#038;iwloc=near\"\n\t\t\t\t\ttitle=\"Duinenwater 41, 8300 Knokke-Heist\"\n\t\t\t\t\taria-label=\"Duinenwater 41, 8300 Knokke-Heist\"\n\t\t\t><\/iframe>\n\t\t<\/div>\n\t\t\t\t\t\t<\/div>\n\t\t\t\t<\/div>\n\t\t\t\t\t<\/div>\n\t\t<\/div>\n\t\t\t\t\t<\/div>\n\t\t<\/section>\n\t\t\t\t<section class=\"elementor-section elementor-top-section elementor-element elementor-element-316d027 elementor-section-boxed elementor-section-height-default elementor-section-height-default\" data-id=\"316d027\" data-element_type=\"section\" data-e-type=\"section\" data-settings=\"{&quot;background_background&quot;:&quot;classic&quot;}\">\n\t\t\t\t\t\t<div class=\"elementor-container elementor-column-gap-default\">\n\t\t\t\t\t<div class=\"elementor-column elementor-col-100 elementor-top-column elementor-element elementor-element-61d02ec\" data-id=\"61d02ec\" data-element_type=\"column\" data-e-type=\"column\">\n\t\t\t<div class=\"elementor-widget-wrap elementor-element-populated\">\n\t\t\t\t\t\t<div class=\"elementor-element elementor-element-22afe93 elementor-widget-divider--view-line elementor-widget elementor-widget-global elementor-global-141 elementor-widget-divider\" data-id=\"22afe93\" data-element_type=\"widget\" data-e-type=\"widget\" data-widget_type=\"divider.default\">\n\t\t\t\t<div class=\"elementor-widget-container\">\n\t\t\t\t\t\t\t<div class=\"elementor-divider\">\n\t\t\t<span class=\"elementor-divider-separator\">\n\t\t\t\t\t\t<\/span>\n\t\t<\/div>\n\t\t\t\t\t\t<\/div>\n\t\t\t\t<\/div>\n\t\t\t\t<div class=\"elementor-element elementor-element-b224d37 elementor-widget elementor-widget-text-editor\" data-id=\"b224d37\" data-element_type=\"widget\" data-e-type=\"widget\" data-widget_type=\"text-editor.default\">\n\t\t\t\t<div class=\"elementor-widget-container\">\n\t\t\t\t\t\t\t\t\t<p>Lakeside Paradise ist f\u00fcr jedermann leicht zug\u00e4nglich und liegt Duinenwater 41 am Ortseingang von Knokke-Heist.<\/p>\n<ul>\n<li>Zu Fu\u00df oder mit dem Fahrrad: 1 km vom Strand, 1 km zu Fu\u00df vom Zentrum (Boulevard Lippens Maurice Lippensplein)<\/li>\n<li>\u00d6ffentliche Verkehrsmittel: Bushaltestelle in 20 m, Stra\u00dfenbahn- und Endstation Knokke in 500 m<\/li>\n<li>Eigene Verkehrsmittel: Fahren Sie \u00fcber die E40 \/ A11 nach Knokke und biegen Sie am Kreisverkehr bei der Einfahrt nach Duinenwater links ab. Die zweite M\u00f6glichkeit ist, Heist \u00fcber die K\u00fcstenstra\u00dfe zu erreichen. Vor dem Ortseingang von Duinbergen gibt es dann Richtungsanzeiger nach rechts, dann nach links auf die Knokkestraat. Nach 2 km erreichen Sie den Punkt, an dem Sie rechts auf die Duinenwater abbiegen. In beiden F\u00e4llen fahren Sie auf den Parkplatz des Schwimmbads und parken um die Ecke auf der linken Seite des Lakeside Paradise.<\/li>\n<li>Sie erhalten einen g\u00fcnstigen Parktarif, wenn Sie Ihr Parkticket an der Rezeption entwerten und bei der Ausfahrt an einem der beiden Kassenautomaten bezahlen. Die G\u00e4ste der Sportherberge erhalten ein eigenes Parkticket.<\/li>\n<\/ul>\n\t\t\t\t\t\t\t\t<\/div>\n\t\t\t\t<\/div>\n\t\t\t\t\t<\/div>\n\t\t<\/div>\n\t\t\t\t\t<\/div>\n\t\t<\/section>\n\t\t\t\t<section class=\"elementor-section elementor-top-section elementor-element elementor-element-d489118 elementor-section-boxed elementor-section-height-default elementor-section-height-default\" data-id=\"d489118\" data-element_type=\"section\" data-e-type=\"section\">\n\t\t\t\t\t\t<div class=\"elementor-container elementor-column-gap-default\">\n\t\t\t\t\t\t<\/div>\n\t\t<\/section>\n\t\t\t\t<\/div>","protected":false},"excerpt":{"rendered":"<p>Lakeside Paradise ist f\u00fcr jedermann leicht zug\u00e4nglich und liegt Duinenwater 41 am Ortseingang von Knokke-Heist. Zu Fu\u00df oder mit dem Fahrrad: 1 km vom Strand, 1 km zu Fu\u00df vom Zentrum (Lippenslaan Maurice Lippensplein) \u00d6ffentliche Verkehrsmittel: Bushaltestelle in 20 m, Stra\u00dfenbahn- und Zugendstation Knokke in 500 m Eigene Verkehrsmittel: \u00fcber die E40 nach Knokke ... <a title=\"Standort\" class=\"read-more\" href=\"https:\/\/www.lakesideparadise.be\/de\/location\/\" aria-label=\"Mehr Informationen \u00fcber Location\">Weitere Lekt\u00fcre<\/a><\/p>","protected":false},"author":1,"featured_media":0,"parent":0,"menu_order":0,"comment_status":"closed","ping_status":"closed","template":"","meta":{"footnotes":""},"class_list":["post-4139","page","type-page","status-publish"],"yoast_head":"<!-- This site is optimized with the Yoast SEO plugin v27.4 - https:\/\/yoast.com\/product\/yoast-seo-wordpress\/ -->\n<title>Location - Lakesideparadise<\/title>\n<meta name=\"robots\" content=\"index, follow, max-snippet:-1, max-image-preview:large, max-video-preview:-1\" \/>\n<link rel=\"canonical\" href=\"https:\/\/www.lakesideparadise.be\/de\/standort\/\" \/>\n<meta property=\"og:locale\" content=\"de_DE\" \/>\n<meta property=\"og:type\" content=\"article\" \/>\n<meta property=\"og:title\" content=\"Location - Lakesideparadise\" \/>\n<meta property=\"og:description\" content=\"Lakeside Paradise is easily accessible for everyone, located Duinenwater 41 at the entrance of Knokke-Heist. On foot or by bike: 1 km from the beach, 1 km walk from the center (Lippenslaan Maurice Lippensplein) Public transport: Bus stop at 20m, Knokke tram and train end station at 500 m Own transport: enter Knokke via E40 ... Weiterlesen\" \/>\n<meta property=\"og:url\" content=\"https:\/\/www.lakesideparadise.be\/de\/standort\/\" \/>\n<meta property=\"og:site_name\" content=\"Lakesideparadise\" \/>\n<meta property=\"article:publisher\" content=\"https:\/\/www.facebook.com\/lakesideparadise\" \/>\n<meta property=\"article:modified_time\" content=\"2021-05-06T11:56:02+00:00\" \/>\n<meta name=\"twitter:card\" content=\"summary_large_image\" \/>\n<meta name=\"twitter:label1\" content=\"Gesch\u00e4tzte Lesezeit\" \/>\n\t<meta name=\"twitter:data1\" content=\"1\u00a0Minute\" \/>\n<script type=\"application\/ld+json\" class=\"yoast-schema-graph\">{\"@context\":\"https:\\\/\\\/schema.org\",\"@graph\":[{\"@type\":\"WebPage\",\"@id\":\"https:\\\/\\\/www.lakesideparadise.be\\\/location\\\/\",\"url\":\"https:\\\/\\\/www.lakesideparadise.be\\\/location\\\/\",\"name\":\"Location - Lakesideparadise\",\"isPartOf\":{\"@id\":\"https:\\\/\\\/www.lakesideparadise.be\\\/#website\"},\"datePublished\":\"2021-05-03T12:32:47+00:00\",\"dateModified\":\"2021-05-06T11:56:02+00:00\",\"breadcrumb\":{\"@id\":\"https:\\\/\\\/www.lakesideparadise.be\\\/location\\\/#breadcrumb\"},\"inLanguage\":\"de\",\"potentialAction\":[{\"@type\":\"ReadAction\",\"target\":[\"https:\\\/\\\/www.lakesideparadise.be\\\/location\\\/\"]}]},{\"@type\":\"BreadcrumbList\",\"@id\":\"https:\\\/\\\/www.lakesideparadise.be\\\/location\\\/#breadcrumb\",\"itemListElement\":[{\"@type\":\"ListItem\",\"position\":1,\"name\":\"Home\",\"item\":\"https:\\\/\\\/www.lakesideparadise.be\\\/\"},{\"@type\":\"ListItem\",\"position\":2,\"name\":\"Location\"}]},{\"@type\":\"WebSite\",\"@id\":\"https:\\\/\\\/www.lakesideparadise.be\\\/#website\",\"url\":\"https:\\\/\\\/www.lakesideparadise.be\\\/\",\"name\":\"Lakesideparadise\",\"description\":\"Lakesideparadise\",\"publisher\":{\"@id\":\"https:\\\/\\\/www.lakesideparadise.be\\\/#organization\"},\"potentialAction\":[{\"@type\":\"SearchAction\",\"target\":{\"@type\":\"EntryPoint\",\"urlTemplate\":\"https:\\\/\\\/www.lakesideparadise.be\\\/?s={search_term_string}\"},\"query-input\":{\"@type\":\"PropertyValueSpecification\",\"valueRequired\":true,\"valueName\":\"search_term_string\"}}],\"inLanguage\":\"de\"},{\"@type\":\"Organization\",\"@id\":\"https:\\\/\\\/www.lakesideparadise.be\\\/#organization\",\"name\":\"Lakeside Paradise\",\"url\":\"https:\\\/\\\/www.lakesideparadise.be\\\/\",\"logo\":{\"@type\":\"ImageObject\",\"inLanguage\":\"de\",\"@id\":\"https:\\\/\\\/www.lakesideparadise.be\\\/#\\\/schema\\\/logo\\\/image\\\/\",\"url\":\"https:\\\/\\\/www.lakesideparadise.be\\\/wp-content\\\/uploads\\\/2019\\\/03\\\/lakesideparadise-logo.png\",\"contentUrl\":\"https:\\\/\\\/www.lakesideparadise.be\\\/wp-content\\\/uploads\\\/2019\\\/03\\\/lakesideparadise-logo.png\",\"width\":185,\"height\":90,\"caption\":\"Lakeside Paradise\"},\"image\":{\"@id\":\"https:\\\/\\\/www.lakesideparadise.be\\\/#\\\/schema\\\/logo\\\/image\\\/\"},\"sameAs\":[\"https:\\\/\\\/www.facebook.com\\\/lakesideparadise\",\"https:\\\/\\\/www.instagram.com\\\/lakeside.paradise\\\/\"]}]}<\/script>\n<!-- \/ Yoast SEO plugin. -->","yoast_head_json":{"title":"Standort - Lakesideparadise","robots":{"index":"index","follow":"follow","max-snippet":"max-snippet:-1","max-image-preview":"max-image-preview:large","max-video-preview":"max-video-preview:-1"},"canonical":"https:\/\/www.lakesideparadise.be\/de\/standort\/","og_locale":"de_DE","og_type":"article","og_title":"Location - Lakesideparadise","og_description":"Lakeside Paradise is easily accessible for everyone, located Duinenwater 41 at the entrance of Knokke-Heist. On foot or by bike: 1 km from the beach, 1 km walk from the center (Lippenslaan Maurice Lippensplein) Public transport: Bus stop at 20m, Knokke tram and train end station at 500 m Own transport: enter Knokke via E40 ... Weiterlesen","og_url":"https:\/\/www.lakesideparadise.be\/de\/standort\/","og_site_name":"Lakesideparadise","article_publisher":"https:\/\/www.facebook.com\/lakesideparadise","article_modified_time":"2021-05-06T11:56:02+00:00","twitter_card":"summary_large_image","twitter_misc":{"Gesch\u00e4tzte Lesezeit":"1\u00a0Minute"},"schema":{"@context":"https:\/\/schema.org","@graph":[{"@type":"WebPage","@id":"https:\/\/www.lakesideparadise.be\/location\/","url":"https:\/\/www.lakesideparadise.be\/location\/","name":"Standort - Lakesideparadise","isPartOf":{"@id":"https:\/\/www.lakesideparadise.be\/#website"},"datePublished":"2021-05-03T12:32:47+00:00","dateModified":"2021-05-06T11:56:02+00:00","breadcrumb":{"@id":"https:\/\/www.lakesideparadise.be\/location\/#breadcrumb"},"inLanguage":"de","potentialAction":[{"@type":"ReadAction","target":["https:\/\/www.lakesideparadise.be\/location\/"]}]},{"@type":"BreadcrumbList","@id":"https:\/\/www.lakesideparadise.be\/location\/#breadcrumb","itemListElement":[{"@type":"ListItem","position":1,"name":"Home","item":"https:\/\/www.lakesideparadise.be\/"},{"@type":"ListItem","position":2,"name":"Location"}]},{"@type":"WebSite","@id":"https:\/\/www.lakesideparadise.be\/#website","url":"https:\/\/www.lakesideparadise.be\/","name":"Lakesideparadise","description":"Lakesideparadise","publisher":{"@id":"https:\/\/www.lakesideparadise.be\/#organization"},"potentialAction":[{"@type":"SearchAction","target":{"@type":"EntryPoint","urlTemplate":"https:\/\/www.lakesideparadise.be\/?s={search_term_string}"},"query-input":{"@type":"PropertyValueSpecification","valueRequired":true,"valueName":"search_term_string"}}],"inLanguage":"de"},{"@type":"Organization","@id":"https:\/\/www.lakesideparadise.be\/#organization","name":"Lakeside Paradise","url":"https:\/\/www.lakesideparadise.be\/","logo":{"@type":"ImageObject","inLanguage":"de","@id":"https:\/\/www.lakesideparadise.be\/#\/schema\/logo\/image\/","url":"https:\/\/www.lakesideparadise.be\/wp-content\/uploads\/2019\/03\/lakesideparadise-logo.png","contentUrl":"https:\/\/www.lakesideparadise.be\/wp-content\/uploads\/2019\/03\/lakesideparadise-logo.png","width":185,"height":90,"caption":"Lakeside Paradise"},"image":{"@id":"https:\/\/www.lakesideparadise.be\/#\/schema\/logo\/image\/"},"sameAs":["https:\/\/www.facebook.com\/lakesideparadise","https:\/\/www.instagram.com\/lakeside.paradise\/"]}]}},"_links":{"self":[{"href":"https:\/\/www.lakesideparadise.be\/de\/wp-json\/wp\/v2\/pages\/4139","targetHints":{"allow":["GET"]}}],"collection":[{"href":"https:\/\/www.lakesideparadise.be\/de\/wp-json\/wp\/v2\/pages"}],"about":[{"href":"https:\/\/www.lakesideparadise.be\/de\/wp-json\/wp\/v2\/types\/page"}],"author":[{"embeddable":true,"href":"https:\/\/www.lakesideparadise.be\/de\/wp-json\/wp\/v2\/users\/1"}],"replies":[{"embeddable":true,"href":"https:\/\/www.lakesideparadise.be\/de\/wp-json\/wp\/v2\/comments?post=4139"}],"version-history":[{"count":0,"href":"https:\/\/www.lakesideparadise.be\/de\/wp-json\/wp\/v2\/pages\/4139\/revisions"}],"wp:attachment":[{"href":"https:\/\/www.lakesideparadise.be\/de\/wp-json\/wp\/v2\/media?parent=4139"}],"curies":[{"name":"wp","href":"https:\/\/api.w.org\/{rel}","templated":true}]}}