{"id":3814,"date":"2021-04-20T11:42:29","date_gmt":"2021-04-20T11:42:29","guid":{"rendered":"https:\/\/www.lakesideparadise.be\/?page_id=3814"},"modified":"2024-11-19T10:13:31","modified_gmt":"2024-11-19T10:13:31","slug":"einsteigerkabel","status":"publish","type":"page","link":"https:\/\/www.lakesideparadise.be\/de\/cable-park\/rookie-cable\/","title":{"rendered":"Rookie-Kabel"},"content":{"rendered":"<div data-elementor-type=\"wp-page\" data-elementor-id=\"3814\" class=\"elementor elementor-3814\" data-elementor-post-type=\"page\">\n\t\t\t\t\t\t<section class=\"elementor-section elementor-top-section elementor-element elementor-element-d7ccfe9 elementor-section-full_width elementor-section-height-min-height elementor-section-stretched elementor-section-height-default elementor-section-items-middle\" data-id=\"d7ccfe9\" data-element_type=\"section\" data-e-type=\"section\" data-settings=\"{&quot;stretch_section&quot;:&quot;section-stretched&quot;,&quot;background_background&quot;:&quot;classic&quot;}\">\n\t\t\t\t\t\t<div class=\"elementor-container elementor-column-gap-default\">\n\t\t\t\t\t<div class=\"elementor-column elementor-col-100 elementor-top-column elementor-element elementor-element-e64e0f6\" data-id=\"e64e0f6\" data-element_type=\"column\" data-e-type=\"column\">\n\t\t\t<div class=\"elementor-widget-wrap elementor-element-populated\">\n\t\t\t\t\t\t<div class=\"elementor-element elementor-element-fb210d5 elementor-widget elementor-widget-heading\" data-id=\"fb210d5\" data-element_type=\"widget\" data-e-type=\"widget\" data-widget_type=\"heading.default\">\n\t\t\t\t<div class=\"elementor-widget-container\">\n\t\t\t\t\t<h2 class=\"elementor-heading-title elementor-size-default\">Rookie-Kabel<\/h2>\t\t\t\t<\/div>\n\t\t\t\t<\/div>\n\t\t\t\t\t<\/div>\n\t\t<\/div>\n\t\t\t\t\t<\/div>\n\t\t<\/section>\n\t\t\t\t<section class=\"elementor-section elementor-top-section elementor-element elementor-element-455466f elementor-section-boxed elementor-section-height-default elementor-section-height-default\" data-id=\"455466f\" data-element_type=\"section\" data-e-type=\"section\">\n\t\t\t\t\t\t<div class=\"elementor-container elementor-column-gap-default\">\n\t\t\t\t\t<div class=\"elementor-column elementor-col-33 elementor-top-column elementor-element elementor-element-9287616\" data-id=\"9287616\" data-element_type=\"column\" data-e-type=\"column\" data-settings=\"{&quot;background_background&quot;:&quot;classic&quot;}\">\n\t\t\t<div class=\"elementor-widget-wrap elementor-element-populated\">\n\t\t\t\t\t\t<div class=\"elementor-element elementor-element-3e5c4dd elementor-widget elementor-widget-heading\" data-id=\"3e5c4dd\" data-element_type=\"widget\" data-e-type=\"widget\" data-widget_type=\"heading.default\">\n\t\t\t\t<div class=\"elementor-widget-container\">\n\t\t\t\t\t<h3 class=\"elementor-heading-title elementor-size-default\">Allgemeine Informationen<\/h3>\t\t\t\t<\/div>\n\t\t\t\t<\/div>\n\t\t\t\t<div class=\"elementor-element elementor-element-1107a11 elementor-widget elementor-widget-text-editor\" data-id=\"1107a11\" data-element_type=\"widget\" data-e-type=\"widget\" data-widget_type=\"text-editor.default\">\n\t\t\t\t<div class=\"elementor-widget-container\">\n\t\t\t\t\t\t\t\t\t<p>Das Rookie Cable ist die neueste Seilbahn im Lakeside Paradise. Mit dieser Seilbahn geh\u00f6ren wir zu den Top 10 der besten Seilparks in Europa.\u00a0<\/p><p>Diese Seilbahn f\u00e4hrt mit langsamerer Geschwindigkeit, ideal f\u00fcr Anf\u00e4nger.<\/p><p>Auf dem Rookie Cable gibt es 6 Hindernisse.\u00a0<\/p>\t\t\t\t\t\t\t\t<\/div>\n\t\t\t\t<\/div>\n\t\t\t\t\t<\/div>\n\t\t<\/div>\n\t\t\t\t<div class=\"elementor-column elementor-col-33 elementor-top-column elementor-element elementor-element-bf5a36c\" data-id=\"bf5a36c\" data-element_type=\"column\" data-e-type=\"column\" data-settings=\"{&quot;background_background&quot;:&quot;classic&quot;}\">\n\t\t\t<div class=\"elementor-widget-wrap elementor-element-populated\">\n\t\t\t\t\t\t<div class=\"elementor-element elementor-element-1ca5c6f elementor-widget elementor-widget-heading\" data-id=\"1ca5c6f\" data-element_type=\"widget\" data-e-type=\"widget\" data-widget_type=\"heading.default\">\n\t\t\t\t<div class=\"elementor-widget-container\">\n\t\t\t\t\t<h3 class=\"elementor-heading-title elementor-size-default\">F\u00fcr wen<\/h3>\t\t\t\t<\/div>\n\t\t\t\t<\/div>\n\t\t\t\t<div class=\"elementor-element elementor-element-b88f997 elementor-widget elementor-widget-text-editor\" data-id=\"b88f997\" data-element_type=\"widget\" data-e-type=\"widget\" data-widget_type=\"text-editor.default\">\n\t\t\t\t<div class=\"elementor-widget-container\">\n\t\t\t\t\t\t\t\t\t<p>Das Rookie Cable ist f\u00fcr Jung und Alt geeignet, vom Anf\u00e4nger bis zum Fortgeschrittenen. Die Seilbahn f\u00e4hrt im Vergleich zum Pro Cable mit einer geringeren Geschwindigkeit. Das gibt uns die M\u00f6glichkeit, diese Seilbahn f\u00fcr alle zug\u00e4nglich zu machen.<\/p><p>Bereits Kinder im Alter von 6 oder 7 Jahren k\u00f6nnen auf unserem Rookie Cable Wassersport betreiben. Es ist jedoch sehr wichtig, dass sie gut schwimmen k\u00f6nnen und in der Lage sind, selbst\u00e4ndig mit ihrem Brett ans Ufer zu schwimmen.<\/p>\t\t\t\t\t\t\t\t<\/div>\n\t\t\t\t<\/div>\n\t\t\t\t\t<\/div>\n\t\t<\/div>\n\t\t\t\t<div class=\"elementor-column elementor-col-33 elementor-top-column elementor-element elementor-element-35e80f4\" data-id=\"35e80f4\" data-element_type=\"column\" data-e-type=\"column\" data-settings=\"{&quot;background_background&quot;:&quot;classic&quot;}\">\n\t\t\t<div class=\"elementor-widget-wrap elementor-element-populated\">\n\t\t\t\t\t\t<div class=\"elementor-element elementor-element-5cd36c1 elementor-widget elementor-widget-heading\" data-id=\"5cd36c1\" data-element_type=\"widget\" data-e-type=\"widget\" data-widget_type=\"heading.default\">\n\t\t\t\t<div class=\"elementor-widget-container\">\n\t\t\t\t\t<h3 class=\"elementor-heading-title elementor-size-default\">Buchung<\/h3>\t\t\t\t<\/div>\n\t\t\t\t<\/div>\n\t\t\t\t<div class=\"elementor-element elementor-element-ccf0fcd elementor-widget elementor-widget-text-editor\" data-id=\"ccf0fcd\" data-element_type=\"widget\" data-e-type=\"widget\" data-widget_type=\"text-editor.default\">\n\t\t\t\t<div class=\"elementor-widget-container\">\n\t\t\t\t\t\t\t\t\t<p>Reservierungen f\u00fcr Wassersportarten sind obligatorisch. F\u00fcr die Reservierung arbeiten wir mit dem Wakesys-System. Jeder Wassersportler muss eine <span style=\"text-decoration: underline;\">pers\u00f6nlich<\/span>&nbsp;ein Konto haben und <span style=\"text-decoration: underline;\">eine pers\u00f6nliche Reservierung<\/span> zu seinem Namen, um auf dem Wasser fahren zu k\u00f6nnen.<\/p>\n<p>Eltern k\u00f6nnen ihre Kinder zu ihrem Konto hinzuf\u00fcgen, so dass sie schnell eine Reservierung f\u00fcr die ganze Familie vornehmen k\u00f6nnen.&nbsp;<span style=\"background-color: var( --e-global-color-14ddf26e );\">Reservierungen k\u00f6nnen f\u00fcr 1h oder 2h vorgenommen werden.<\/span><\/p>\t\t\t\t\t\t\t\t<\/div>\n\t\t\t\t<\/div>\n\t\t\t\t<div class=\"elementor-element elementor-element-b176930 elementor-align-center elementor-widget elementor-widget-button\" data-id=\"b176930\" data-element_type=\"widget\" data-e-type=\"widget\" data-widget_type=\"button.default\">\n\t\t\t\t<div class=\"elementor-widget-container\">\n\t\t\t\t\t\t\t\t\t<div class=\"elementor-button-wrapper\">\n\t\t\t\t\t<a class=\"elementor-button elementor-button-link elementor-size-md\" href=\"https:\/\/lakesideparadise.wakesys.com\/browser\/index.php\" target=\"_blank\">\n\t\t\t\t\t\t<span class=\"elementor-button-content-wrapper\">\n\t\t\t\t\t\t\t\t\t<span class=\"elementor-button-text\">BUCHUNG<\/span>\n\t\t\t\t\t<\/span>\n\t\t\t\t\t<\/a>\n\t\t\t\t<\/div>\n\t\t\t\t\t\t\t\t<\/div>\n\t\t\t\t<\/div>\n\t\t\t\t\t<\/div>\n\t\t<\/div>\n\t\t\t\t\t<\/div>\n\t\t<\/section>\n\t\t\t\t<section class=\"elementor-section elementor-top-section elementor-element elementor-element-87b0547 elementor-section-boxed elementor-section-height-default elementor-section-height-default\" data-id=\"87b0547\" data-element_type=\"section\" data-e-type=\"section\">\n\t\t\t\t\t\t<div class=\"elementor-container elementor-column-gap-default\">\n\t\t\t\t\t<div class=\"elementor-column elementor-col-100 elementor-top-column elementor-element elementor-element-c0a027f\" data-id=\"c0a027f\" data-element_type=\"column\" data-e-type=\"column\">\n\t\t\t<div class=\"elementor-widget-wrap elementor-element-populated\">\n\t\t\t\t\t\t<div class=\"elementor-element elementor-element-3f5fcd5 elementor-widget elementor-widget-image\" data-id=\"3f5fcd5\" data-element_type=\"widget\" data-e-type=\"widget\" data-widget_type=\"image.default\">\n\t\t\t\t<div class=\"elementor-widget-container\">\n\t\t\t\t\t\t\t\t\t\t\t\t\t\t\t<img fetchpriority=\"high\" decoding=\"async\" width=\"800\" height=\"600\" src=\"https:\/\/www.lakesideparadise.be\/wp-content\/uploads\/2021\/05\/Cablepark_lakeside_volledig.png\" class=\"attachment-large size-large wp-image-4423\" alt=\"\" srcset=\"https:\/\/www.lakesideparadise.be\/wp-content\/uploads\/2021\/05\/Cablepark_lakeside_volledig.png 800w, https:\/\/www.lakesideparadise.be\/wp-content\/uploads\/2021\/05\/Cablepark_lakeside_volledig-300x225.png 300w, https:\/\/www.lakesideparadise.be\/wp-content\/uploads\/2021\/05\/Cablepark_lakeside_volledig-768x576.png 768w, https:\/\/www.lakesideparadise.be\/wp-content\/uploads\/2021\/05\/Cablepark_lakeside_volledig-16x12.png 16w\" sizes=\"(max-width: 800px) 100vw, 800px\" \/>\t\t\t\t\t\t\t\t\t\t\t\t\t\t\t<\/div>\n\t\t\t\t<\/div>\n\t\t\t\t\t<\/div>\n\t\t<\/div>\n\t\t\t\t\t<\/div>\n\t\t<\/section>\n\t\t\t\t<\/div>","protected":false},"excerpt":{"rendered":"<p>Rookie Cable Allgemeine Informationen Das Rookie Cable ist die neueste Seilbahn im Lakeside Paradise. Mit dieser Seilbahn geh\u00f6ren wir zu den Top 10 der besten Seilparks in Europa.  Diese Seilbahn f\u00e4hrt mit langsamerer Geschwindigkeit, ideal f\u00fcr Wassersportler. Auf dem Rookie Cable gibt es 6 Hindernisse.  F\u00fcr wen ist The Rookie Cable geeignet: f\u00fcr Jung und Alt. <a title=\"Rookie-Kabel\" class=\"read-more\" href=\"https:\/\/www.lakesideparadise.be\/de\/cable-park\/rookie-cable\/\" aria-label=\"Mehr Informationen \u00fcber Rookie Cable\">Weitere Lekt\u00fcre<\/a><\/p>","protected":false},"author":1,"featured_media":0,"parent":378,"menu_order":0,"comment_status":"closed","ping_status":"closed","template":"","meta":{"footnotes":""},"class_list":["post-3814","page","type-page","status-publish"],"yoast_head":"<!-- This site is optimized with the Yoast SEO plugin v27.4 - https:\/\/yoast.com\/product\/yoast-seo-wordpress\/ -->\n<title>Rookie Cable - Lakesideparadise<\/title>\n<meta name=\"robots\" content=\"index, follow, max-snippet:-1, max-image-preview:large, max-video-preview:-1\" \/>\n<link rel=\"canonical\" href=\"https:\/\/www.lakesideparadise.be\/de\/kabelpark\/einsteigerkabel\/\" \/>\n<meta property=\"og:locale\" content=\"de_DE\" \/>\n<meta property=\"og:type\" content=\"article\" \/>\n<meta property=\"og:title\" content=\"Rookie Cable - Lakesideparadise\" \/>\n<meta property=\"og:description\" content=\"Rookie Cable Algemene info De Rookie Cable is de nieuwste kabelbaan op Lakeside Paradise. Met deze kabelbaan behoren we tot de top 10 beste kabelparken van Europa.\u00a0 Deze kabelbaan draait aan een tragere snelheid, ideaal voor startende watersporters. Op de Rookie Cable liggen 6 obstakels.\u00a0 Voor wie De Rookie Cable is geschikt voor jong &amp; ... Weiterlesen\" \/>\n<meta property=\"og:url\" content=\"https:\/\/www.lakesideparadise.be\/de\/kabelpark\/einsteigerkabel\/\" \/>\n<meta property=\"og:site_name\" content=\"Lakesideparadise\" \/>\n<meta property=\"article:publisher\" content=\"https:\/\/www.facebook.com\/lakesideparadise\" \/>\n<meta property=\"article:modified_time\" content=\"2024-11-19T10:13:31+00:00\" \/>\n<meta property=\"og:image\" content=\"https:\/\/www.lakesideparadise.be\/wp-content\/uploads\/2021\/05\/Cablepark_lakeside_volledig.png\" \/>\n\t<meta property=\"og:image:width\" content=\"800\" \/>\n\t<meta property=\"og:image:height\" content=\"600\" \/>\n\t<meta property=\"og:image:type\" content=\"image\/png\" \/>\n<meta name=\"twitter:card\" content=\"summary_large_image\" \/>\n<meta name=\"twitter:label1\" content=\"Gesch\u00e4tzte Lesezeit\" \/>\n\t<meta name=\"twitter:data1\" content=\"1\u00a0Minute\" \/>\n<script type=\"application\/ld+json\" class=\"yoast-schema-graph\">{\"@context\":\"https:\\\/\\\/schema.org\",\"@graph\":[{\"@type\":\"WebPage\",\"@id\":\"https:\\\/\\\/www.lakesideparadise.be\\\/cable-park\\\/rookie-cable\\\/\",\"url\":\"https:\\\/\\\/www.lakesideparadise.be\\\/cable-park\\\/rookie-cable\\\/\",\"name\":\"Rookie Cable - Lakesideparadise\",\"isPartOf\":{\"@id\":\"https:\\\/\\\/www.lakesideparadise.be\\\/#website\"},\"primaryImageOfPage\":{\"@id\":\"https:\\\/\\\/www.lakesideparadise.be\\\/cable-park\\\/rookie-cable\\\/#primaryimage\"},\"image\":{\"@id\":\"https:\\\/\\\/www.lakesideparadise.be\\\/cable-park\\\/rookie-cable\\\/#primaryimage\"},\"thumbnailUrl\":\"https:\\\/\\\/www.lakesideparadise.be\\\/wp-content\\\/uploads\\\/2021\\\/05\\\/Cablepark_lakeside_volledig.png\",\"datePublished\":\"2021-04-20T11:42:29+00:00\",\"dateModified\":\"2024-11-19T10:13:31+00:00\",\"breadcrumb\":{\"@id\":\"https:\\\/\\\/www.lakesideparadise.be\\\/cable-park\\\/rookie-cable\\\/#breadcrumb\"},\"inLanguage\":\"de\",\"potentialAction\":[{\"@type\":\"ReadAction\",\"target\":[\"https:\\\/\\\/www.lakesideparadise.be\\\/cable-park\\\/rookie-cable\\\/\"]}]},{\"@type\":\"ImageObject\",\"inLanguage\":\"de\",\"@id\":\"https:\\\/\\\/www.lakesideparadise.be\\\/cable-park\\\/rookie-cable\\\/#primaryimage\",\"url\":\"https:\\\/\\\/www.lakesideparadise.be\\\/wp-content\\\/uploads\\\/2021\\\/05\\\/Cablepark_lakeside_volledig.png\",\"contentUrl\":\"https:\\\/\\\/www.lakesideparadise.be\\\/wp-content\\\/uploads\\\/2021\\\/05\\\/Cablepark_lakeside_volledig.png\"},{\"@type\":\"BreadcrumbList\",\"@id\":\"https:\\\/\\\/www.lakesideparadise.be\\\/cable-park\\\/rookie-cable\\\/#breadcrumb\",\"itemListElement\":[{\"@type\":\"ListItem\",\"position\":1,\"name\":\"Home\",\"item\":\"https:\\\/\\\/www.lakesideparadise.be\\\/\"},{\"@type\":\"ListItem\",\"position\":2,\"name\":\"Cable Park\",\"item\":\"https:\\\/\\\/www.lakesideparadise.be\\\/fr\\\/cable-park\\\/\"},{\"@type\":\"ListItem\",\"position\":3,\"name\":\"Rookie Cable\"}]},{\"@type\":\"WebSite\",\"@id\":\"https:\\\/\\\/www.lakesideparadise.be\\\/#website\",\"url\":\"https:\\\/\\\/www.lakesideparadise.be\\\/\",\"name\":\"Lakesideparadise\",\"description\":\"Lakesideparadise\",\"publisher\":{\"@id\":\"https:\\\/\\\/www.lakesideparadise.be\\\/#organization\"},\"potentialAction\":[{\"@type\":\"SearchAction\",\"target\":{\"@type\":\"EntryPoint\",\"urlTemplate\":\"https:\\\/\\\/www.lakesideparadise.be\\\/?s={search_term_string}\"},\"query-input\":{\"@type\":\"PropertyValueSpecification\",\"valueRequired\":true,\"valueName\":\"search_term_string\"}}],\"inLanguage\":\"de\"},{\"@type\":\"Organization\",\"@id\":\"https:\\\/\\\/www.lakesideparadise.be\\\/#organization\",\"name\":\"Lakeside Paradise\",\"url\":\"https:\\\/\\\/www.lakesideparadise.be\\\/\",\"logo\":{\"@type\":\"ImageObject\",\"inLanguage\":\"de\",\"@id\":\"https:\\\/\\\/www.lakesideparadise.be\\\/#\\\/schema\\\/logo\\\/image\\\/\",\"url\":\"https:\\\/\\\/www.lakesideparadise.be\\\/wp-content\\\/uploads\\\/2019\\\/03\\\/lakesideparadise-logo.png\",\"contentUrl\":\"https:\\\/\\\/www.lakesideparadise.be\\\/wp-content\\\/uploads\\\/2019\\\/03\\\/lakesideparadise-logo.png\",\"width\":185,\"height\":90,\"caption\":\"Lakeside Paradise\"},\"image\":{\"@id\":\"https:\\\/\\\/www.lakesideparadise.be\\\/#\\\/schema\\\/logo\\\/image\\\/\"},\"sameAs\":[\"https:\\\/\\\/www.facebook.com\\\/lakesideparadise\",\"https:\\\/\\\/www.instagram.com\\\/lakeside.paradise\\\/\"]}]}<\/script>\n<!-- \/ Yoast SEO plugin. -->","yoast_head_json":{"title":"Rookie Kabel - Lakesideparadise","robots":{"index":"index","follow":"follow","max-snippet":"max-snippet:-1","max-image-preview":"max-image-preview:large","max-video-preview":"max-video-preview:-1"},"canonical":"https:\/\/www.lakesideparadise.be\/de\/kabelpark\/einsteigerkabel\/","og_locale":"de_DE","og_type":"article","og_title":"Rookie Cable - Lakesideparadise","og_description":"Rookie Cable Algemene info De Rookie Cable is de nieuwste kabelbaan op Lakeside Paradise. Met deze kabelbaan behoren we tot de top 10 beste kabelparken van Europa.\u00a0 Deze kabelbaan draait aan een tragere snelheid, ideaal voor startende watersporters. Op de Rookie Cable liggen 6 obstakels.\u00a0 Voor wie De Rookie Cable is geschikt voor jong &amp; ... Weiterlesen","og_url":"https:\/\/www.lakesideparadise.be\/de\/kabelpark\/einsteigerkabel\/","og_site_name":"Lakesideparadise","article_publisher":"https:\/\/www.facebook.com\/lakesideparadise","article_modified_time":"2024-11-19T10:13:31+00:00","og_image":[{"width":800,"height":600,"url":"https:\/\/www.lakesideparadise.be\/wp-content\/uploads\/2021\/05\/Cablepark_lakeside_volledig.png","type":"image\/png"}],"twitter_card":"summary_large_image","twitter_misc":{"Gesch\u00e4tzte Lesezeit":"1\u00a0Minute"},"schema":{"@context":"https:\/\/schema.org","@graph":[{"@type":"WebPage","@id":"https:\/\/www.lakesideparadise.be\/cable-park\/rookie-cable\/","url":"https:\/\/www.lakesideparadise.be\/cable-park\/rookie-cable\/","name":"Rookie Kabel - Lakesideparadise","isPartOf":{"@id":"https:\/\/www.lakesideparadise.be\/#website"},"primaryImageOfPage":{"@id":"https:\/\/www.lakesideparadise.be\/cable-park\/rookie-cable\/#primaryimage"},"image":{"@id":"https:\/\/www.lakesideparadise.be\/cable-park\/rookie-cable\/#primaryimage"},"thumbnailUrl":"https:\/\/www.lakesideparadise.be\/wp-content\/uploads\/2021\/05\/Cablepark_lakeside_volledig.png","datePublished":"2021-04-20T11:42:29+00:00","dateModified":"2024-11-19T10:13:31+00:00","breadcrumb":{"@id":"https:\/\/www.lakesideparadise.be\/cable-park\/rookie-cable\/#breadcrumb"},"inLanguage":"de","potentialAction":[{"@type":"ReadAction","target":["https:\/\/www.lakesideparadise.be\/cable-park\/rookie-cable\/"]}]},{"@type":"ImageObject","inLanguage":"de","@id":"https:\/\/www.lakesideparadise.be\/cable-park\/rookie-cable\/#primaryimage","url":"https:\/\/www.lakesideparadise.be\/wp-content\/uploads\/2021\/05\/Cablepark_lakeside_volledig.png","contentUrl":"https:\/\/www.lakesideparadise.be\/wp-content\/uploads\/2021\/05\/Cablepark_lakeside_volledig.png"},{"@type":"BreadcrumbList","@id":"https:\/\/www.lakesideparadise.be\/cable-park\/rookie-cable\/#breadcrumb","itemListElement":[{"@type":"ListItem","position":1,"name":"Home","item":"https:\/\/www.lakesideparadise.be\/"},{"@type":"ListItem","position":2,"name":"Cable Park","item":"https:\/\/www.lakesideparadise.be\/fr\/cable-park\/"},{"@type":"ListItem","position":3,"name":"Rookie Cable"}]},{"@type":"WebSite","@id":"https:\/\/www.lakesideparadise.be\/#website","url":"https:\/\/www.lakesideparadise.be\/","name":"Lakesideparadise","description":"Lakesideparadise","publisher":{"@id":"https:\/\/www.lakesideparadise.be\/#organization"},"potentialAction":[{"@type":"SearchAction","target":{"@type":"EntryPoint","urlTemplate":"https:\/\/www.lakesideparadise.be\/?s={search_term_string}"},"query-input":{"@type":"PropertyValueSpecification","valueRequired":true,"valueName":"search_term_string"}}],"inLanguage":"de"},{"@type":"Organization","@id":"https:\/\/www.lakesideparadise.be\/#organization","name":"Lakeside Paradise","url":"https:\/\/www.lakesideparadise.be\/","logo":{"@type":"ImageObject","inLanguage":"de","@id":"https:\/\/www.lakesideparadise.be\/#\/schema\/logo\/image\/","url":"https:\/\/www.lakesideparadise.be\/wp-content\/uploads\/2019\/03\/lakesideparadise-logo.png","contentUrl":"https:\/\/www.lakesideparadise.be\/wp-content\/uploads\/2019\/03\/lakesideparadise-logo.png","width":185,"height":90,"caption":"Lakeside Paradise"},"image":{"@id":"https:\/\/www.lakesideparadise.be\/#\/schema\/logo\/image\/"},"sameAs":["https:\/\/www.facebook.com\/lakesideparadise","https:\/\/www.instagram.com\/lakeside.paradise\/"]}]}},"_links":{"self":[{"href":"https:\/\/www.lakesideparadise.be\/de\/wp-json\/wp\/v2\/pages\/3814","targetHints":{"allow":["GET"]}}],"collection":[{"href":"https:\/\/www.lakesideparadise.be\/de\/wp-json\/wp\/v2\/pages"}],"about":[{"href":"https:\/\/www.lakesideparadise.be\/de\/wp-json\/wp\/v2\/types\/page"}],"author":[{"embeddable":true,"href":"https:\/\/www.lakesideparadise.be\/de\/wp-json\/wp\/v2\/users\/1"}],"replies":[{"embeddable":true,"href":"https:\/\/www.lakesideparadise.be\/de\/wp-json\/wp\/v2\/comments?post=3814"}],"version-history":[{"count":4,"href":"https:\/\/www.lakesideparadise.be\/de\/wp-json\/wp\/v2\/pages\/3814\/revisions"}],"predecessor-version":[{"id":16883,"href":"https:\/\/www.lakesideparadise.be\/de\/wp-json\/wp\/v2\/pages\/3814\/revisions\/16883"}],"up":[{"embeddable":true,"href":"https:\/\/www.lakesideparadise.be\/de\/wp-json\/wp\/v2\/pages\/378"}],"wp:attachment":[{"href":"https:\/\/www.lakesideparadise.be\/de\/wp-json\/wp\/v2\/media?parent=3814"}],"curies":[{"name":"wp","href":"https:\/\/api.w.org\/{rel}","templated":true}]}}